{"id":3,"date":"2020-08-04T17:18:17","date_gmt":"2020-08-04T17:18:17","guid":{"rendered":"https:\/\/smartthehouse.com\/?page_id=3"},"modified":"2021-05-06T12:03:37","modified_gmt":"2021-05-06T12:03:37","slug":"privacy-policy","status":"publish","type":"page","link":"https:\/\/smartthehouse.com\/en\/privacy-policy","title":{"rendered":"Pol\u00edtica de privacidad y Aviso Legal"},"content":{"rendered":"<p>[vc_row row_type=&#8221;row&#8221; use_row_as_full_screen_section=&#8221;no&#8221; type=&#8221;full_width&#8221; text_align=&#8221;left&#8221; background_animation=&#8221;none&#8221; css_animation=&#8221;&#8221;][vc_column][vc_row_inner row_type=&#8221;row&#8221; type=&#8221;full_width&#8221; use_row_as_full_screen_section_slide=&#8221;no&#8221; text_align=&#8221;left&#8221; css_animation=&#8221;&#8221;][vc_column_inner][vc_column_text]<\/p>\n<h3>\u00c1MBITO<\/h3>\n<p>En el presente documento se establecen las condiciones generales que rigen el acceso a este sitio web, la navegaci\u00f3n a trav\u00e9s del sitio web y el uso del contenido que ofrece.<\/p>\n<p>La informaci\u00f3n contenida en este sitio web se refiere a los servicios ofrecidos por MRE-III PROYECTO TRECE SOCIMI, S.A. Dicha informaci\u00f3n no constituye ninguna oferta vinculante que obligue al usuario a contratar nuestros servicios y el contenido del sitio se ofrece para fines de informaci\u00f3n general, por lo que podr\u00eda no ser suficiente para adoptar una decisi\u00f3n personal o empresarial. MRE-III PROYECTO TRECE SOCIMI, S.A. no tiene ninguna obligaci\u00f3n de acreditar la veracidad, la precisi\u00f3n, la adecuaci\u00f3n, la exhaustividad ni la vigencia del contenido. MRE-III PROYECTO TRECE SOCIMI, S.A. se reserva el derecho de modificar la informaci\u00f3n aqu\u00ed incluida siempre que lo estime oportuno y sin previo aviso, declinando toda responsabilidad por la precisi\u00f3n, insuficiencia o autenticidad de la informaci\u00f3n proporcionada.<\/p>\n<p>Asimismo, se reserva el derecho de modificar el contenido del presente aviso legal. En consecuencia, el usuario debe leer detenidamente el presente documento cada vez que tenga intenci\u00f3n de utilizar el sitio web, puesto que sus condiciones de uso pueden haber sido modificadas.<\/p>\n<p>La prestaci\u00f3n del servicio de este sitio web no est\u00e1 limitada al momento en que el usuario est\u00e1 conectado al sitio web o a alguno de los servicios ofrecidos a trav\u00e9s del sitio.<\/p>\n<p>&nbsp;<\/p>\n<h3>CONDICIONES DE USO DEL SITIO WEB<\/h3>\n<p>Toda persona que accede al sitio web, navega por \u00e9l o lo utiliza es un usuario. El usuario acepta \u00edntegramente y sin reservas las condiciones incluidas en este aviso legal.<\/p>\n<p>El usuario se obliga a utilizar el sitio web y sus servicios y contenidos respetando la legalidad, las disposiciones reglamentarias vigentes, las pr\u00e1cticas generalmente aceptadas, la buena fe y el orden p\u00fablico.<\/p>\n<p>El usuario se compromete a abstenerse de cualesquiera acciones que puedan causar un perjuicio al sitio web, inutilizarlo, sobrecargarlo, deteriorarlo en cualquier sentido o impedir el libre acceso, uso y disfrute del sitio web a otros usuarios.<\/p>\n<p>&nbsp;<\/p>\n<h3>PROPIEDAD INTELECTUAL Y USO DE LOS CONTENIDOS<\/h3>\n<p>MRE-III PROYECTO TRECE SOCIMI, S.A. es el titular de los derechos de propiedad intelectual e industrial de este sitio web y de todos sus contenidos (incluidos, entre otros, textos, fotograf\u00edas y otro contenido audiovisual, software, dise\u00f1o gr\u00e1fico, etc.) o posee la correspondiente licencia o autorizaci\u00f3n de uso. El acceso a todo ello por parte del usuario mediante navegaci\u00f3n a trav\u00e9s de este sitio web no implica en ning\u00fan caso renuncia, transmisi\u00f3n, licencia ni cesi\u00f3n total ni parcial de dichos contenidos.<\/p>\n<p>Se proh\u00edben la reproducci\u00f3n, la modificaci\u00f3n, la explotaci\u00f3n, la comunicaci\u00f3n p\u00fablica, la carga de archivos, el env\u00edo por correo electr\u00f3nico, la transmisi\u00f3n, el uso, el tratamiento y la distribuci\u00f3n por cualquier medio de la totalidad o parte de los contenidos incluidos en este sitio web para fines p\u00fablicos o comerciales, salvo autorizaci\u00f3n previa y por escrito de MRE-III PROYECTO TRECE SOCIMI, S.A.<\/p>\n<p>El logotipo es propiedad de MRE-III PROYECTO TRECE SOCIMI, S.A. Se proh\u00edbe terminantemente reproducirlo y utilizarlo, salvo autorizaci\u00f3n previa y por escrito de su titular.<\/p>\n<p>&nbsp;<\/p>\n<h3>ENLACES<\/h3>\n<p><strong>ENLACES A SITIOS WEB EXTERNOS<\/strong><\/p>\n<p>MRE-III PROYECTO TRECE SOCIMI, S.A. declina toda responsabilidad por cualquier informaci\u00f3n ofrecida en Internet que no haya sido creada por MRE-III PROYECTO TRECE SOCIMI, S.A. o publicada con su nombre. El sitio web puede contener enlaces de hipertexto que lleven a otros sitios de Internet totalmente independientes de este sitio web. MRE-III PROYECTO TRECE SOCIMI, S.A. no ofrece ninguna garant\u00eda ni responder\u00e1 de ninguna forma por la precisi\u00f3n, insuficiencia o autenticidad de la informaci\u00f3n que facilite a trav\u00e9s de estos enlaces cualquier persona o entidad, f\u00edsica o jur\u00eddica, con o sin personalidad jur\u00eddica propia.<\/p>\n<p><strong>ENLACES EXTERNOS QUE DIRIGEN AL SITIO WEB<\/strong><\/p>\n<p>En caso de que cualquier otro sitio web, usuario o entidad, desee establecer un enlace con <a href=\"https:\/\/smartthehouse.com\/\">https:\/\/smartthehouse.com\/<\/a> \/\/, dicho enlace deber\u00e1 cumplir con las condiciones que se detallan a continuaci\u00f3n:<\/p>\n<p>El enlace dirigir\u00e1 al usuario a la p\u00e1gina de inicio o a una de las secciones de la p\u00e1gina de inicio. El enlace, en cualquier caso, debe ser completo e \u00edntegro y debe dirigir al usuario con un solo clic a la URL de la p\u00e1gina principal o a la URL de cualquier secci\u00f3n de la p\u00e1gina principal. El enlace debe contener la extensi\u00f3n completa de pantalla del portal.<\/p>\n<p>En ning\u00fan caso, salvo autorizaci\u00f3n expresa y por escrito de MRE-III PROYECTO TRECE SOCIMI, S.A., el sitio web que establezca el enlace podr\u00e1 reproducir de ninguna forma <a href=\"https:\/\/smartthehouse.com\/\">https:\/\/smartthehouse.com\/<\/a>, como si formara parte integral del sitio web de origen, utilizando marcaje, redireccionamiento o cualquier otra medida que implique ocultar el origen de la informaci\u00f3n.<\/p>\n<p>El establecimiento de un enlace a <a href=\"https:\/\/smartthehouse.com\/\">https:\/\/smartthehouse.com\/<\/a> desde sitios web que muestren contenido ilegal, ofensivo u obsceno, contrario a la moralidad y al orden p\u00fablico no est\u00e1 autorizado.<\/p>\n<p>El servicio de acceso al sitio web incluye dispositivos de enlace t\u00e9cnico, directorios e incluso herramientas de b\u00fasqueda que permiten al usuario acceder a otros sitios web y portales de Internet (en adelante, los \u201cSitios enlazados\u201d).<\/p>\n<p>En estos casos, MRE-III PROYECTO TRECE SOCIMI, S.A. act\u00faa como proveedor de servicios electr\u00f3nicos intermediarios y \u00fanicamente ser\u00e1 responsable del contenido y los servicios proporcionados en los Sitios enlazados cuando, teniendo conocimiento efectivo de su ilegalidad, no hubiera desactivado el enlace con la debida diligencia. En caso de que el usuario considere que un Sitio enlazado incluye contenido ilegal o inapropiado, podr\u00e1 comunicarlo a MRE-III PROYECTO TRECE SOCIMI, S.A. mediante el env\u00edo de un correo electr\u00f3nico a protecciondedatos@meridiacapital.com <a href=\"mailto:protecciondedatos@meridiacapital.com\">protecciondedatos@meridiacapital.com<\/a> y dicha comunicaci\u00f3n conllevar\u00e1 incuestionablemente la obligaci\u00f3n de eliminar el enlace correspondiente.<\/p>\n<p>La existencia de Sitios enlazados no presupondr\u00e1 en ning\u00fan caso la existencia de ning\u00fan acuerdo con sus responsables o propietarios, ni la recomendaci\u00f3n, promoci\u00f3n ni identificaci\u00f3n de MRE-III PROYECTO TRECE SOCIMI, S.A. con respecto a las manifestaciones, los contenidos o los servicios prestados.<\/p>\n<p>MRE-III PROYECTO TRECE SOCIMI, S.A. desconoce el contenido y los servicios de los Sitios enlazados, por lo que no es responsable de los perjuicios que puedan derivarse de su ilegalidad, calidad, falta de actualizaci\u00f3n o de disponibilidad, errores e imposibilidad de utilizar el contenido y\/o los servicios de los Sitios enlazados ni de cualquier otro perjuicio no imputable directamente a MRE-III PROYECTO TRECE SOCIMI, S.A.<\/p>\n<p>&nbsp;<\/p>\n<h3>EXCLUSI\u00d3N DE RESPONSABILIDAD<\/h3>\n<p>La responsabilidad del uso de este sitio web recae \u00fanica y exclusivamente en el usuario.<\/p>\n<p>MRE-III PROYECTO TRECE SOCIMI, S.A. no ser\u00e1 responsable en ning\u00fan caso de ning\u00fan tipo de da\u00f1os y perjuicios que puedan deberse a:<\/p>\n<ul>\n<li>Falta de disponibilidad, mantenimiento y funcionamiento del sitio web o de sus servicios o contenidos, puesto que ello requiere de materiales y servicios de terceros.<\/li>\n<li>Errores y omisiones en la informaci\u00f3n publicada o falta de usabilidad, adecuaci\u00f3n o validez del sitio web o de sus servicios o contenidos para las necesidades, actividades, resultados o expectativas espec\u00edficos de los usuarios.<\/li>\n<\/ul>\n<p>El acceso al sitio web no implica obligaci\u00f3n alguna para MRE-III PROYECTO TRECE SOCIMI, S.A. de controlar la ausencia de virus u otros elementos inform\u00e1ticos perjudiciales. Es competencia del usuario, en cualquier caso, disponer de las herramientas adecuadas y utilizarlas para detectar y eliminar programas inform\u00e1ticos perjudiciales. MRE-III PROYECTO TRECE SOCIMI, S.A. no es responsable de ning\u00fan da\u00f1o causado al equipo inform\u00e1tico de los usuarios ni de terceros durante el uso del sitio web.<\/p>\n<p>&nbsp;<\/p>\n<h3>LEGISLACI\u00d3N APLICABLE Y JURISDICCI\u00d3N<\/h3>\n<p>El presente aviso legal se rige en cada una de sus disposiciones por el Reglamento General de Protecci\u00f3n de Datos de la Uni\u00f3n Europea, la Ley de Servicios de la Sociedad de la Informaci\u00f3n y de Comercio Electr\u00f3nico espa\u00f1ola y otras normas complementarias.<\/p>\n<p>Cualquier disputa derivada de las cuestiones relativas al sitio web se someter\u00e1 a la jurisdicci\u00f3n exclusiva de los tribunales de la ciudad de Barcelona.<\/p>\n<p>&nbsp;<\/p>\n<h3>ACTUALIZACI\u00d3N<\/h3>\n<p>La \u00faltima revisi\u00f3n del presente documento data de febrero de 2020.[\/vc_column_text][\/vc_column_inner][\/vc_row_inner][\/vc_column][\/vc_row][vc_row row_type=&#8221;row&#8221; use_row_as_full_screen_section=&#8221;no&#8221; type=&#8221;full_width&#8221; text_align=&#8221;left&#8221; background_animation=&#8221;none&#8221; css_animation=&#8221;&#8221;][vc_column][vc_empty_space height=&#8221;50px&#8221;][\/vc_column][\/vc_row]<\/p>\n","protected":false},"excerpt":{"rendered":"<p>[vc_row row_type=&#8221;row&#8221; use_row_as_full_screen_section=&#8221;no&#8221; type=&#8221;full_width&#8221; text_align=&#8221;left&#8221; background_animation=&#8221;none&#8221; css_animation=&#8221;&#8221;][vc_column][vc_row_inner row_type=&#8221;row&#8221; type=&#8221;full_width&#8221; use_row_as_full_screen_section_slide=&#8221;no&#8221; text_align=&#8221;left&#8221; css_animation=&#8221;&#8221;][vc_column_inner][vc_column_text] \u00c1MBITO En el presente documento se establecen las condiciones generales que rigen el acceso a este sitio web, la navegaci\u00f3n a trav\u00e9s del sitio web y el uso del contenido que ofrece. La&#8230;<\/p>\n","protected":false},"author":1,"featured_media":0,"parent":0,"menu_order":0,"comment_status":"closed","ping_status":"closed","template":"","meta":{"inline_featured_image":false},"yoast_head":"<!-- This site is optimized with the Yoast SEO plugin v21.8.1 - https:\/\/yoast.com\/wordpress\/plugins\/seo\/ -->\n<title>Pol\u00edtica de privacidad y Aviso Legal - Smart<\/title>\n<meta name=\"robots\" content=\"index, follow, max-snippet:-1, max-image-preview:large, max-video-preview:-1\" \/>\n<link rel=\"canonical\" href=\"https:\/\/smartthehouse.com\/en\/privacy-policy\" \/>\n<meta property=\"og:locale\" content=\"en_US\" \/>\n<meta property=\"og:type\" content=\"article\" \/>\n<meta property=\"og:title\" content=\"Pol\u00edtica de privacidad y Aviso Legal - Smart\" \/>\n<meta property=\"og:description\" content=\"[vc_row row_type=&#8221;row&#8221; use_row_as_full_screen_section=&#8221;no&#8221; type=&#8221;full_width&#8221; text_align=&#8221;left&#8221; background_animation=&#8221;none&#8221; css_animation=&#8221;&#8221;][vc_column][vc_row_inner row_type=&#8221;row&#8221; type=&#8221;full_width&#8221; use_row_as_full_screen_section_slide=&#8221;no&#8221; text_align=&#8221;left&#8221; css_animation=&#8221;&#8221;][vc_column_inner][vc_column_text] \u00c1MBITO En el presente documento se establecen las condiciones generales que rigen el acceso a este sitio web, la navegaci\u00f3n a trav\u00e9s del sitio web y el uso del contenido que ofrece. La...\" \/>\n<meta property=\"og:url\" content=\"https:\/\/smartthehouse.com\/en\/privacy-policy\" \/>\n<meta property=\"og:site_name\" content=\"Smart\" \/>\n<meta property=\"article:modified_time\" content=\"2021-05-06T12:03:37+00:00\" \/>\n<meta name=\"twitter:card\" content=\"summary_large_image\" \/>\n<meta name=\"twitter:label1\" content=\"Est. reading time\" \/>\n\t<meta name=\"twitter:data1\" content=\"8 minutes\" \/>\n<!-- \/ Yoast SEO plugin. -->","yoast_head_json":{"title":"Pol\u00edtica de privacidad y Aviso Legal - Smart","robots":{"index":"index","follow":"follow","max-snippet":"max-snippet:-1","max-image-preview":"max-image-preview:large","max-video-preview":"max-video-preview:-1"},"canonical":"https:\/\/smartthehouse.com\/en\/privacy-policy","og_locale":"en_US","og_type":"article","og_title":"Pol\u00edtica de privacidad y Aviso Legal - Smart","og_description":"[vc_row row_type=&#8221;row&#8221; use_row_as_full_screen_section=&#8221;no&#8221; type=&#8221;full_width&#8221; text_align=&#8221;left&#8221; background_animation=&#8221;none&#8221; css_animation=&#8221;&#8221;][vc_column][vc_row_inner row_type=&#8221;row&#8221; type=&#8221;full_width&#8221; use_row_as_full_screen_section_slide=&#8221;no&#8221; text_align=&#8221;left&#8221; css_animation=&#8221;&#8221;][vc_column_inner][vc_column_text] \u00c1MBITO En el presente documento se establecen las condiciones generales que rigen el acceso a este sitio web, la navegaci\u00f3n a trav\u00e9s del sitio web y el uso del contenido que ofrece. La...","og_url":"https:\/\/smartthehouse.com\/en\/privacy-policy","og_site_name":"Smart","article_modified_time":"2021-05-06T12:03:37+00:00","twitter_card":"summary_large_image","twitter_misc":{"Est. reading time":"8 minutes"},"schema":{"@context":"https:\/\/schema.org","@graph":[{"@type":"WebPage","@id":"https:\/\/smartthehouse.com\/en\/privacy-policy","url":"https:\/\/smartthehouse.com\/en\/privacy-policy","name":"Pol\u00edtica de privacidad y Aviso Legal - Smart","isPartOf":{"@id":"https:\/\/smartthehouse.com\/en\/#website"},"datePublished":"2020-08-04T17:18:17+00:00","dateModified":"2021-05-06T12:03:37+00:00","breadcrumb":{"@id":"https:\/\/smartthehouse.com\/en\/privacy-policy#breadcrumb"},"inLanguage":"en-US","potentialAction":[{"@type":"ReadAction","target":[["https:\/\/smartthehouse.com\/en\/privacy-policy"]]}]},{"@type":"BreadcrumbList","@id":"https:\/\/smartthehouse.com\/en\/privacy-policy#breadcrumb","itemListElement":[{"@type":"ListItem","position":1,"name":"Portada","item":"https:\/\/smartthehouse.com\/en\/"},{"@type":"ListItem","position":2,"name":"Pol\u00edtica de privacidad y Aviso Legal"}]},{"@type":"WebSite","@id":"https:\/\/smartthehouse.com\/en\/#website","url":"https:\/\/smartthehouse.com\/en\/","name":"Smart","description":"Smart The talking house","publisher":{"@id":"https:\/\/smartthehouse.com\/en\/#organization"},"potentialAction":[{"@type":"SearchAction","target":{"@type":"EntryPoint","urlTemplate":"https:\/\/smartthehouse.com\/en\/?s={search_term_string}"},"query-input":"required name=search_term_string"}],"inLanguage":"en-US"},{"@type":"Organization","@id":"https:\/\/smartthehouse.com\/en\/#organization","name":"Smart the house","url":"https:\/\/smartthehouse.com\/en\/","logo":{"@type":"ImageObject","inLanguage":"en-US","@id":"https:\/\/smartthehouse.com\/en\/#\/schema\/logo\/image\/","url":"https:\/\/smartthehouse.com\/wp-content\/uploads\/2020\/08\/logonegro_web_smart.png","contentUrl":"https:\/\/smartthehouse.com\/wp-content\/uploads\/2020\/08\/logonegro_web_smart.png","width":200,"height":30,"caption":"Smart the house"},"image":{"@id":"https:\/\/smartthehouse.com\/en\/#\/schema\/logo\/image\/"}}]}},"_links":{"self":[{"href":"https:\/\/smartthehouse.com\/en\/wp-json\/wp\/v2\/pages\/3"}],"collection":[{"href":"https:\/\/smartthehouse.com\/en\/wp-json\/wp\/v2\/pages"}],"about":[{"href":"https:\/\/smartthehouse.com\/en\/wp-json\/wp\/v2\/types\/page"}],"author":[{"embeddable":true,"href":"https:\/\/smartthehouse.com\/en\/wp-json\/wp\/v2\/users\/1"}],"replies":[{"embeddable":true,"href":"https:\/\/smartthehouse.com\/en\/wp-json\/wp\/v2\/comments?post=3"}],"version-history":[{"count":11,"href":"https:\/\/smartthehouse.com\/en\/wp-json\/wp\/v2\/pages\/3\/revisions"}],"predecessor-version":[{"id":1993,"href":"https:\/\/smartthehouse.com\/en\/wp-json\/wp\/v2\/pages\/3\/revisions\/1993"}],"wp:attachment":[{"href":"https:\/\/smartthehouse.com\/en\/wp-json\/wp\/v2\/media?parent=3"}],"curies":[{"name":"wp","href":"https:\/\/api.w.org\/{rel}","templated":true}]}}