{"id":162,"date":"2017-06-19T14:25:34","date_gmt":"2017-06-19T14:25:34","guid":{"rendered":"http:\/\/stockholm21.select-themes.com\/?page_id=162"},"modified":"2023-10-11T16:40:09","modified_gmt":"2023-10-11T16:40:09","slug":"proyecto","status":"publish","type":"page","link":"https:\/\/smartthehouse.com\/es\/proyecto","title":{"rendered":"Proyecto"},"content":{"rendered":"<p>[vc_row row_type=\u00bbrow\u00bb use_row_as_full_screen_section=\u00bbno\u00bb type=\u00bbfull_width\u00bb text_align=\u00bbleft\u00bb background_animation=\u00bbnone\u00bb css_animation=\u00bb\u00bb css=\u00bb.vc_custom_1597916648944{padding-bottom: 6.3% !important;}\u00bb][vc_column offset=\u00bbvc_hidden-sm vc_hidden-xs\u00bb][vc_empty_space height=\u00bb150px\u00bb][\/vc_column][vc_column width=\u00bb1\/4&#8243; offset=\u00bbvc_col-lg-3 vc_col-md-12 vc_col-xs-12&#8243;][qode_elements_holder number_of_columns=\u00bbone_column\u00bb][qode_elements_holder_item item_padding=\u00bb0% 0% 0% 40%\u00bb item_padding_1280_1600=\u00bb0% 0% 0% 40%\u00bb item_padding_1024_1280=\u00bb0% 0% 0% 40%\u00bb item_padding_768_1024=\u00bb3% 0% 0% 10%\u00bb item_padding_600_768=\u00bb3% 0% 0% 10%\u00bb item_padding_480_600=\u00bb3% 0% 0% 10%\u00bb item_padding_480=\u00bb3% 0% 0% 10%\u00bb][vc_column_text]<\/p>\n<h3><strong>Smart<\/strong><\/h3>\n<h5>The talking house<\/h5>\n<h4><\/h4>\n<p>[\/vc_column_text][\/qode_elements_holder_item][\/qode_elements_holder][\/vc_column][vc_column width=\u00bb3\/4&#8243; offset=\u00bbvc_col-lg-9 vc_col-md-12 vc_col-xs-12&#8243;][qode_elements_holder number_of_columns=\u00bbone_column\u00bb][qode_elements_holder_item item_padding=\u00bb0% 15% 0% 0%\u00bb item_padding_1280_1600=\u00bb0% 12% 0% 0%\u00bb item_padding_1024_1280=\u00bb0% 17% 0% 0%\u00bb item_padding_768_1024=\u00bb10% 14% 4% 10%\u00bb item_padding_600_768=\u00bb10% 10% 4% 10%\u00bb item_padding_480_600=\u00bb10% 10% 4% 10%\u00bb item_padding_480=\u00bb10% 10% 4% 10%\u00bb]<div class=\"custom_font_holder\" style=\"font-family: Karla; font-size: 16px; line-height: 25px; font-style: normal; font-weight: 200; color: #000000; text-decoration: none; letter-spacing: 0px; text-align: left;\"><span><\/p>\n<p data-pm-slice=\"1 1 []\"><span style=\"color: #000000;\">El primer edificio inteligente en Espa\u00f1a se ubica en el centro de la actividad empresarial y tecnol\u00f3gica de Barcelona.\u00a0<strong>Smart<\/strong>\u00a0es un espacio flexible y adaptable a las necesidades de las empresas del futuro con m\u00e1s de <strong>24.600 m\u00b2 <\/strong>de oficinas divididas en 3 edificios. \u00a0La innovaci\u00f3n del edificio se transmite en confort para sus habitantes, disponiendo de una app para automatizar su d\u00eda a d\u00eda, y en sostenibilidad y eficiencia.\u00a0<strong>Smart\u00a0<\/strong>cuenta con la certificaci\u00f3n Leed Platinum y Well Platinum otorgadas a la sostenibilidad y el bienestar del complejo.<\/span><\/p>\n<p><\/span><\/div>[\/qode_elements_holder_item][\/qode_elements_holder][\/vc_column][\/vc_row][vc_row row_type=\u00bbrow\u00bb use_row_as_full_screen_section=\u00bbno\u00bb type=\u00bbfull_width\u00bb text_align=\u00bbcenter\u00bb background_animation=\u00bbnone\u00bb css_animation=\u00bb\u00bb][vc_column][vc_single_image image=\u00bb2094&#8243; img_size=\u00bbfull\u00bb alignment=\u00bbcenter\u00bb qode_css_animation=\u00bb\u00bb][vc_empty_space height=\u00bb50px\u00bb][\/vc_column][\/vc_row][vc_row row_type=\u00bbrow\u00bb use_row_as_full_screen_section=\u00bbno\u00bb type=\u00bbfull_width\u00bb text_align=\u00bbleft\u00bb background_animation=\u00bbnone\u00bb css_animation=\u00bb\u00bb css=\u00bb.vc_custom_1497949036234{padding-bottom: 3% !important;}\u00bb][vc_column]<div class=\"qode-image-with-overlapping-info\">\n\t\t<div class=\"qode-iwoi-image-holder\">\n\t\t<img src=\"https:\/\/smartthehouse.com\/wp-content\/uploads\/2020\/08\/sketch-1.jpg\" alt=\"Arquitectura integradora\" \/>\n\t<\/div>\n\t\t<div class=\"qode-iwoi-info-holder\">\n\t\t\t<h3 class=\"qode-iwoi-title\">\n\t\t\t\tArquitectura integradora\t\t\t<\/h3>\n\t\t\t\t\t\t\t<p class = \"qode-iwoi-text\"> Smart est\u00e1 dise\u00f1ado para mimetizarse con el entorno, comprender el legado del barrio e impulsar la sostenibilidad y la tecnolog\u00eda de la zona. GCA Architects a realizado un proyecto basado en la integraci\u00f3n urbana como gesto de respeto ante las arquitecturas circundantes, el edificio de oficinas mezcla materiales tradicionales con piezas de extrusi\u00f3n de gran formato. Crea un volumen integrador capaz de convivir con el barrio del Poblenou y de transmitir los valores de la ciudad de Barcelona.<\/p>\n\t\t\t\t\t\t\t<\/div>\n<\/div>[\/vc_column][\/vc_row][vc_row row_type=\u00bbrow\u00bb use_row_as_full_screen_section=\u00bbno\u00bb type=\u00bbfull_width\u00bb text_align=\u00bbleft\u00bb background_animation=\u00bbnone\u00bb css_animation=\u00bb\u00bb][vc_column][vc_empty_space height=\u00bb80&#8243;][\/vc_column][\/vc_row][vc_row row_type=\u00bbrow\u00bb use_row_as_full_screen_section=\u00bbno\u00bb type=\u00bbfull_width\u00bb text_align=\u00bbleft\u00bb background_animation=\u00bbnone\u00bb css_animation=\u00bb\u00bb][vc_column][vc_column_text]<\/p>\n<h3 style=\"text-align: center;\" data-pm-slice=\"1 1 []\"><span style=\"color: #000000;\"><strong>Complejo de oficinas de 24.604,68 m\u00b2\u00a0<\/strong><\/span><\/h3>\n<p>[\/vc_column_text][vc_empty_space height=\u00bb100&#8243;]<div class=\"qode-parallax-holder\" data-parallax=\"{&quot;y&quot;: -100, &quot;smoothness&quot;: 20}\">[vc_single_image image=\u00bb1836&#8243; img_size=\u00bbfull\u00bb alignment=\u00bbcenter\u00bb qode_css_animation=\u00bb\u00bb]<\/div>[\/vc_column][\/vc_row][vc_row row_type=\u00bbrow\u00bb use_row_as_full_screen_section=\u00bbno\u00bb type=\u00bbfull_width\u00bb text_align=\u00bbleft\u00bb background_animation=\u00bbnone\u00bb css_animation=\u00bb\u00bb][vc_column][\/vc_column][\/vc_row]<\/p>","protected":false},"excerpt":{"rendered":"<p>[vc_row row_type=\u00bbrow\u00bb use_row_as_full_screen_section=\u00bbno\u00bb type=\u00bbfull_width\u00bb text_align=\u00bbleft\u00bb background_animation=\u00bbnone\u00bb css_animation=\u00bb\u00bb css=\u00bb.vc_custom_1597916648944{padding-bottom: 6.3% !important;}\u00bb][vc_column offset=\u00bbvc_hidden-sm vc_hidden-xs\u00bb][vc_empty_space height=\u00bb150px\u00bb][\/vc_column][vc_column width=\u00bb1\/4&#8243; offset=\u00bbvc_col-lg-3 vc_col-md-12 vc_col-xs-12&#8243;][qode_elements_holder number_of_columns=\u00bbone_column\u00bb][qode_elements_holder_item item_padding=\u00bb0% 0% 0% 40%\u00bb item_padding_1280_1600=\u00bb0% 0% 0% 40%\u00bb item_padding_1024_1280=\u00bb0% 0% 0% 40%\u00bb item_padding_768_1024=\u00bb3% 0% 0% 10%\u00bb item_padding_600_768=\u00bb3% 0% 0% 10%\u00bb item_padding_480_600=\u00bb3% 0% 0% 10%\u00bb item_padding_480=\u00bb3% 0% 0%&#8230;<\/p>\n","protected":false},"author":1,"featured_media":0,"parent":0,"menu_order":0,"comment_status":"closed","ping_status":"closed","template":"full_width.php","meta":{"inline_featured_image":false},"yoast_head":"<!-- This site is optimized with the Yoast SEO plugin v21.8.1 - https:\/\/yoast.com\/wordpress\/plugins\/seo\/ -->\n<title>Proyecto - Smart<\/title>\n<meta name=\"description\" content=\"La arquitectura del edificio de oficinas smart pretende impulsar la sostenibilidad de la zona y el bienestar de sus usuarios.\" \/>\n<meta name=\"robots\" content=\"index, follow, max-snippet:-1, max-image-preview:large, max-video-preview:-1\" \/>\n<link rel=\"canonical\" href=\"https:\/\/smartthehouse.com\/es\/proyecto\" \/>\n<meta property=\"og:locale\" content=\"es_ES\" \/>\n<meta property=\"og:type\" content=\"article\" \/>\n<meta property=\"og:title\" content=\"Proyecto - Smart\" \/>\n<meta property=\"og:description\" content=\"La arquitectura del edificio de oficinas smart pretende impulsar la sostenibilidad de la zona y el bienestar de sus usuarios.\" \/>\n<meta property=\"og:url\" content=\"https:\/\/smartthehouse.com\/es\/proyecto\" \/>\n<meta property=\"og:site_name\" content=\"Smart\" \/>\n<meta property=\"article:modified_time\" content=\"2023-10-11T16:40:09+00:00\" \/>\n<meta name=\"twitter:card\" content=\"summary_large_image\" \/>\n<meta name=\"twitter:label1\" content=\"Tiempo de lectura\" \/>\n\t<meta name=\"twitter:data1\" content=\"2 minutos\" \/>\n<!-- \/ Yoast SEO plugin. -->","yoast_head_json":{"title":"Proyecto - Smart","description":"La arquitectura del edificio de oficinas smart pretende impulsar la sostenibilidad de la zona y el bienestar de sus usuarios.","robots":{"index":"index","follow":"follow","max-snippet":"max-snippet:-1","max-image-preview":"max-image-preview:large","max-video-preview":"max-video-preview:-1"},"canonical":"https:\/\/smartthehouse.com\/es\/proyecto","og_locale":"es_ES","og_type":"article","og_title":"Proyecto - Smart","og_description":"La arquitectura del edificio de oficinas smart pretende impulsar la sostenibilidad de la zona y el bienestar de sus usuarios.","og_url":"https:\/\/smartthehouse.com\/es\/proyecto","og_site_name":"Smart","article_modified_time":"2023-10-11T16:40:09+00:00","twitter_card":"summary_large_image","twitter_misc":{"Tiempo de lectura":"2 minutos"},"schema":{"@context":"https:\/\/schema.org","@graph":[{"@type":"WebPage","@id":"https:\/\/smartthehouse.com\/es\/proyecto","url":"https:\/\/smartthehouse.com\/es\/proyecto","name":"Proyecto - Smart","isPartOf":{"@id":"https:\/\/smartthehouse.com\/es\/#website"},"datePublished":"2017-06-19T14:25:34+00:00","dateModified":"2023-10-11T16:40:09+00:00","description":"La arquitectura del edificio de oficinas smart pretende impulsar la sostenibilidad de la zona y el bienestar de sus usuarios.","breadcrumb":{"@id":"https:\/\/smartthehouse.com\/es\/proyecto#breadcrumb"},"inLanguage":"es","potentialAction":[{"@type":"ReadAction","target":[["https:\/\/smartthehouse.com\/es\/proyecto"]]}]},{"@type":"BreadcrumbList","@id":"https:\/\/smartthehouse.com\/es\/proyecto#breadcrumb","itemListElement":[{"@type":"ListItem","position":1,"name":"Portada","item":"https:\/\/smartthehouse.com\/es\/"},{"@type":"ListItem","position":2,"name":"Proyecto"}]},{"@type":"WebSite","@id":"https:\/\/smartthehouse.com\/es\/#website","url":"https:\/\/smartthehouse.com\/es\/","name":"Smart","description":"Smart The talking house","publisher":{"@id":"https:\/\/smartthehouse.com\/es\/#organization"},"potentialAction":[{"@type":"SearchAction","target":{"@type":"EntryPoint","urlTemplate":"https:\/\/smartthehouse.com\/es\/?s={search_term_string}"},"query-input":"required name=search_term_string"}],"inLanguage":"es"},{"@type":"Organization","@id":"https:\/\/smartthehouse.com\/es\/#organization","name":"Smart the house","url":"https:\/\/smartthehouse.com\/es\/","logo":{"@type":"ImageObject","inLanguage":"es","@id":"https:\/\/smartthehouse.com\/es\/#\/schema\/logo\/image\/","url":"https:\/\/smartthehouse.com\/wp-content\/uploads\/2020\/08\/logonegro_web_smart.png","contentUrl":"https:\/\/smartthehouse.com\/wp-content\/uploads\/2020\/08\/logonegro_web_smart.png","width":200,"height":30,"caption":"Smart the house"},"image":{"@id":"https:\/\/smartthehouse.com\/es\/#\/schema\/logo\/image\/"}}]}},"_links":{"self":[{"href":"https:\/\/smartthehouse.com\/es\/wp-json\/wp\/v2\/pages\/162"}],"collection":[{"href":"https:\/\/smartthehouse.com\/es\/wp-json\/wp\/v2\/pages"}],"about":[{"href":"https:\/\/smartthehouse.com\/es\/wp-json\/wp\/v2\/types\/page"}],"author":[{"embeddable":true,"href":"https:\/\/smartthehouse.com\/es\/wp-json\/wp\/v2\/users\/1"}],"replies":[{"embeddable":true,"href":"https:\/\/smartthehouse.com\/es\/wp-json\/wp\/v2\/comments?post=162"}],"version-history":[{"count":65,"href":"https:\/\/smartthehouse.com\/es\/wp-json\/wp\/v2\/pages\/162\/revisions"}],"predecessor-version":[{"id":2242,"href":"https:\/\/smartthehouse.com\/es\/wp-json\/wp\/v2\/pages\/162\/revisions\/2242"}],"wp:attachment":[{"href":"https:\/\/smartthehouse.com\/es\/wp-json\/wp\/v2\/media?parent=162"}],"curies":[{"name":"wp","href":"https:\/\/api.w.org\/{rel}","templated":true}]}}