{"id":699,"date":"2020-08-05T07:33:38","date_gmt":"2020-08-05T07:33:38","guid":{"rendered":"https:\/\/smartthehouse.com\/?page_id=699"},"modified":"2023-10-16T18:03:57","modified_gmt":"2023-10-16T18:03:57","slug":"conexiones","status":"publish","type":"page","link":"https:\/\/smartthehouse.com\/es\/conexiones","title":{"rendered":"Conexiones"},"content":{"rendered":"<p>[vc_row row_type=\u00bbrow\u00bb use_row_as_full_screen_section=\u00bbno\u00bb type=\u00bbfull_width\u00bb text_align=\u00bbleft\u00bb background_animation=\u00bbnone\u00bb css_animation=\u00bb\u00bb][vc_column offset=\u00bbvc_hidden-sm vc_hidden-xs\u00bb]\n\t\t\t<!-- START Conexiones REVOLUTION SLIDER 6.1.5 --><p class=\"rs-p-wp-fix\"><\/p>\n\t\t\t<rs-module-wrap id=\"rev_slider_2_1_wrapper\" data-source=\"gallery\" style=\"background:transparent;padding:0;margin:0px auto;margin-top:0;margin-bottom:0;\">\n\t\t\t\t<rs-module id=\"rev_slider_2_1\" style=\"display:none;\" data-version=\"6.1.5\">\n\t\t\t\t\t<rs-slides>\n\t\t\t\t\t\t<rs-slide data-key=\"rs-4\" data-title=\"Slide\" data-anim=\"ei:d;eo:d;s:600;r:0;t:fade;sl:d;\">\n\t\t\t\t\t\t\t<img src=\"\/\/smartthehouse.com\/wp-content\/uploads\/2023\/06\/18_low.jpg\" title=\"18_low\" width=\"1920\" height=\"1280\" data-parallax=\"11\" class=\"rev-slidebg\" data-no-retina>\n<!---->\t\t\t\t\t\t<\/rs-slide>\n\t\t\t\t\t<\/rs-slides>\n\t\t\t\t\t<rs-progress class=\"rs-bottom\" style=\"visibility: hidden !important;\"><\/rs-progress>\n\t\t\t\t<\/rs-module>\n\t\t\t\t<script type=\"text\/javascript\">\n\t\t\t\t\tsetREVStartSize({c: 'rev_slider_2_1',rl:[1240,1024,778,480],el:[700,768,960,720],gw:[1100,800,778,480],gh:[700,768,960,720],layout:'fullwidth',mh:\"0\"});\n\t\t\t\t\tvar\trevapi2,\n\t\t\t\t\t\ttpj;\n\t\t\t\t\tjQuery(function() {\n\t\t\t\t\t\ttpj = jQuery;\n\t\t\t\t\t\tif(tpj(\"#rev_slider_2_1\").revolution == undefined){\n\t\t\t\t\t\t\trevslider_showDoubleJqueryError(\"#rev_slider_2_1\");\n\t\t\t\t\t\t}else{\n\t\t\t\t\t\t\trevapi2 = tpj(\"#rev_slider_2_1\").show().revolution({\n\t\t\t\t\t\t\t\tjsFileLocation:\"\/\/smartthehouse.com\/wp-content\/plugins\/revslider\/public\/assets\/js\/\",\n\t\t\t\t\t\t\t\tsliderLayout:\"fullwidth\",\n\t\t\t\t\t\t\t\tduration:3500,\n\t\t\t\t\t\t\t\tvisibilityLevels:\"1240,1024,778,480\",\n\t\t\t\t\t\t\t\tgridwidth:\"1100,800,778,480\",\n\t\t\t\t\t\t\t\tgridheight:\"700,768,960,720\",\n\t\t\t\t\t\t\t\tminHeight:\"\",\n\t\t\t\t\t\t\t\teditorheight:\"700,768,960,720\",\n\t\t\t\t\t\t\t\tresponsiveLevels:\"1240,1024,778,480\",\n\t\t\t\t\t\t\t\tdisableProgressBar:\"on\",\n\t\t\t\t\t\t\t\tnavigation: {\n\t\t\t\t\t\t\t\t\tonHoverStop:false\n\t\t\t\t\t\t\t\t},\n\t\t\t\t\t\t\t\tparallax: {\n\t\t\t\t\t\t\t\t\tlevels:[5,10,15,20,25,30,35,40,45,46,47,48,49,50,51,55],\n\t\t\t\t\t\t\t\t\ttype:\"mouse\"\n\t\t\t\t\t\t\t\t},\n\t\t\t\t\t\t\t\tfallbacks: {\n\t\t\t\t\t\t\t\t\tallowHTML5AutoPlayOnAndroid:true\n\t\t\t\t\t\t\t\t},\n\t\t\t\t\t\t\t});\n\t\t\t\t\t\t}\n\t\t\t\t\t\t\n\t\t\t\t\t});\n\t\t\t\t<\/script>\n\t\t\t<\/rs-module-wrap>\n\t\t\t<!-- END REVOLUTION SLIDER -->\n[\/vc_column][\/vc_row][vc_row row_type=\u00bbrow\u00bb use_row_as_full_screen_section=\u00bbno\u00bb type=\u00bbfull_width\u00bb text_align=\u00bbleft\u00bb background_animation=\u00bbnone\u00bb css_animation=\u00bb\u00bb][vc_column offset=\u00bbvc_hidden-lg vc_hidden-md\u00bb]\n\t\t\t<!-- START Conexiones responsive REVOLUTION SLIDER 6.1.5 --><p class=\"rs-p-wp-fix\"><\/p>\n\t\t\t<rs-module-wrap id=\"rev_slider_7_2_wrapper\" data-source=\"gallery\" style=\"background:transparent;padding:0;margin:0px auto;margin-top:0;margin-bottom:0;\">\n\t\t\t\t<rs-module id=\"rev_slider_7_2\" style=\"display:none;\" data-version=\"6.1.5\">\n\t\t\t\t\t<rs-slides>\n\t\t\t\t\t\t<rs-slide data-key=\"rs-19\" data-title=\"Slide\" data-anim=\"ei:d;eo:d;s:600;r:0;t:fade;sl:d;\">\n\t\t\t\t\t\t\t<img src=\"\/\/smartthehouse.com\/wp-content\/uploads\/2023\/06\/18_low.jpg\" title=\"18_low\" width=\"1920\" height=\"1280\" data-parallax=\"11\" class=\"rev-slidebg\" data-no-retina>\n<!---->\t\t\t\t\t\t<\/rs-slide>\n\t\t\t\t\t<\/rs-slides>\n\t\t\t\t\t<rs-progress class=\"rs-bottom\" style=\"visibility: hidden !important;\"><\/rs-progress>\n\t\t\t\t<\/rs-module>\n\t\t\t\t<script type=\"text\/javascript\">\n\t\t\t\t\tsetREVStartSize({c: 'rev_slider_7_2',rl:[1240,1024,778,480],el:[868,768,960,720],gw:[1100,800,778,480],gh:[868,768,960,400],layout:'fullwidth',mh:\"0\"});\n\t\t\t\t\tvar\trevapi7,\n\t\t\t\t\t\ttpj;\n\t\t\t\t\tjQuery(function() {\n\t\t\t\t\t\ttpj = jQuery;\n\t\t\t\t\t\tif(tpj(\"#rev_slider_7_2\").revolution == undefined){\n\t\t\t\t\t\t\trevslider_showDoubleJqueryError(\"#rev_slider_7_2\");\n\t\t\t\t\t\t}else{\n\t\t\t\t\t\t\trevapi7 = tpj(\"#rev_slider_7_2\").show().revolution({\n\t\t\t\t\t\t\t\tjsFileLocation:\"\/\/smartthehouse.com\/wp-content\/plugins\/revslider\/public\/assets\/js\/\",\n\t\t\t\t\t\t\t\tsliderLayout:\"fullwidth\",\n\t\t\t\t\t\t\t\tduration:3500,\n\t\t\t\t\t\t\t\tvisibilityLevels:\"1240,1024,778,480\",\n\t\t\t\t\t\t\t\tgridwidth:\"1100,800,778,480\",\n\t\t\t\t\t\t\t\tgridheight:\"868,768,960,400\",\n\t\t\t\t\t\t\t\tminHeight:\"\",\n\t\t\t\t\t\t\t\teditorheight:\"868,768,960,720\",\n\t\t\t\t\t\t\t\tresponsiveLevels:\"1240,1024,778,480\",\n\t\t\t\t\t\t\t\tdisableProgressBar:\"on\",\n\t\t\t\t\t\t\t\tnavigation: {\n\t\t\t\t\t\t\t\t\tonHoverStop:false\n\t\t\t\t\t\t\t\t},\n\t\t\t\t\t\t\t\tparallax: {\n\t\t\t\t\t\t\t\t\tlevels:[5,10,15,20,25,30,35,40,45,46,47,48,49,50,51,55],\n\t\t\t\t\t\t\t\t\ttype:\"mouse\"\n\t\t\t\t\t\t\t\t},\n\t\t\t\t\t\t\t\tfallbacks: {\n\t\t\t\t\t\t\t\t\tallowHTML5AutoPlayOnAndroid:true\n\t\t\t\t\t\t\t\t},\n\t\t\t\t\t\t\t});\n\t\t\t\t\t\t}\n\t\t\t\t\t\t\n\t\t\t\t\t});\n\t\t\t\t<\/script>\n\t\t\t<\/rs-module-wrap>\n\t\t\t<!-- END REVOLUTION SLIDER -->\n[\/vc_column][\/vc_row][vc_row row_type=\u00bbrow\u00bb use_row_as_full_screen_section=\u00bbno\u00bb type=\u00bbgrid\u00bb text_align=\u00bbleft\u00bb background_animation=\u00bbnone\u00bb css_animation=\u00bb\u00bb css=\u00bb.vc_custom_1685728584345{padding-top: 50px !important;padding-bottom: 6.5% !important;}\u00bb][vc_column width=\u00bb1\/3&#8243;][vc_column_text]<\/p>\n<h4><span style=\"color: #333333;\">Entorno<\/span><\/h4>\n<p>&nbsp;<\/p>\n<p><span style=\"color: #333333;\"><b>Smart<\/b> se sit\u00faa en el \u201cdistrito de la innovaci\u00f3n\u201d de Barcelona: el 22@, una zona dedicada a\u00a0la tecnolog\u00eda y el desarrollo. Pasea por zonas verdes y peatonales como Crist\u00f3bal de Moura o Pere IV o asiste a una exposici\u00f3n en el FAD.\u00a0<\/span>[\/vc_column_text][vc_empty_space][\/vc_column][vc_column width=\u00bb1\/3&#8243;][vc_column_text]<\/p>\n<h4><span style=\"color: #333333;\"><b>Conexiones<\/b><\/span><\/h4>\n<p>&nbsp;<\/p>\n<p><span style=\"color: #333333;\"><span style=\"font-weight: 400;\">A unos minutos del centro de la ciudad o de la playa, la localizaci\u00f3n de <\/span><b>smart<\/b><span style=\"font-weight: 400;\"> permite tenerlo todo a solo unos metros de distancia. El <\/span><span style=\"font-weight: 400;\">edificio de oficinas<\/span><span style=\"font-weight: 400;\"> se halla en el barrio del Poblenou barcelon\u00e9s.<\/span><\/span>[\/vc_column_text][vc_empty_space][\/vc_column][vc_column width=\u00bb1\/3&#8243;][vc_column_text]<\/p>\n<h4><span style=\"color: #333333;\"><b>Cerca de ti<\/b><\/span><\/h4>\n<p>&nbsp;<\/p>\n<p><span style=\"color: #333333;\"><span style=\"font-weight: 400;\">El nuevo <\/span><span style=\"font-weight: 400;\">edificio inteligente<\/span><span style=\"font-weight: 400;\"> se ubica en el solar contiguo a La Escocesa, centro de producci\u00f3n art\u00edstica de referencia. La zona goza de una amplia oferta comercial, gastron\u00f3mica y hotelera. Un entorno din\u00e1mico y lleno de vida.<\/span><\/span>[\/vc_column_text][\/vc_column][\/vc_row][vc_row row_type=\u00bbrow\u00bb use_row_as_full_screen_section=\u00bbno\u00bb type=\u00bbgrid\u00bb text_align=\u00bbleft\u00bb background_animation=\u00bbnone\u00bb css_animation=\u00bb\u00bb][vc_column offset=\u00bbvc_hidden-sm vc_hidden-xs\u00bb][vc_single_image image=\u00bb1316&#8243; img_size=\u00bbfull\u00bb alignment=\u00bbcenter\u00bb qode_css_animation=\u00bb\u00bb][\/vc_column][\/vc_row][vc_row row_type=\u00bbrow\u00bb use_row_as_full_screen_section=\u00bbno\u00bb type=\u00bbgrid\u00bb text_align=\u00bbleft\u00bb background_animation=\u00bbnone\u00bb css_animation=\u00bb\u00bb][vc_column offset=\u00bbvc_hidden-lg vc_hidden-md\u00bb][vc_single_image image=\u00bb1067&#8243; img_size=\u00bbfull\u00bb alignment=\u00bbcenter\u00bb qode_css_animation=\u00bb\u00bb][\/vc_column][\/vc_row][vc_row row_type=\u00bbrow\u00bb use_row_as_full_screen_section=\u00bbno\u00bb type=\u00bbfull_width\u00bb text_align=\u00bbleft\u00bb background_animation=\u00bbnone\u00bb css_animation=\u00bb\u00bb][vc_column][vc_single_image image=\u00bb1732&#8243; img_size=\u00bbfull\u00bb alignment=\u00bbcenter\u00bb qode_css_animation=\u00bb\u00bb][\/vc_column][\/vc_row][vc_row row_type=\u00bbrow\u00bb use_row_as_full_screen_section=\u00bbno\u00bb type=\u00bbfull_width\u00bb text_align=\u00bbleft\u00bb background_animation=\u00bbnone\u00bb css_animation=\u00bb\u00bb][vc_column]<div class='projects_masonry_holder  masonry_extended qode-filter-position-top' data-parallax_item_speed='0.3' data-parallax_item_offset=''>\n    <article class=\"portfolio_masonry_item portfolio_category_41 large_width\">\n    <div class='image_holder overlapping_title_hover'>\n        \n<span class='image'><img width=\"1000\" height=\"500\" src=\"https:\/\/smartthehouse.com\/wp-content\/uploads\/2020\/08\/portfolio_allargat_conexiones-1000x500.jpg\" class=\"attachment-portfolio_masonry_wide size-portfolio_masonry_wide wp-post-image\" alt=\"\" decoding=\"async\" loading=\"lazy\" srcset=\"https:\/\/smartthehouse.com\/wp-content\/uploads\/2020\/08\/portfolio_allargat_conexiones-1000x500.jpg 1000w, https:\/\/smartthehouse.com\/wp-content\/uploads\/2020\/08\/portfolio_allargat_conexiones-300x150.jpg 300w, https:\/\/smartthehouse.com\/wp-content\/uploads\/2020\/08\/portfolio_allargat_conexiones-1024x512.jpg 1024w, https:\/\/smartthehouse.com\/wp-content\/uploads\/2020\/08\/portfolio_allargat_conexiones-768x384.jpg 768w, https:\/\/smartthehouse.com\/wp-content\/uploads\/2020\/08\/portfolio_allargat_conexiones-700x350.jpg 700w, https:\/\/smartthehouse.com\/wp-content\/uploads\/2020\/08\/portfolio_allargat_conexiones-1100x550.jpg 1100w, https:\/\/smartthehouse.com\/wp-content\/uploads\/2020\/08\/portfolio_allargat_conexiones.jpg 1250w\" sizes=\"(max-width: 1000px) 100vw, 1000px\" \/><\/span>\n\n        <div class=\"text_holder\">\n\t<h4 class=\"portfolio_title\" style=\"font-size: 23px;\"> Zonas verdes<\/h4><\/div>\n\n\n    <\/div>\n<\/article>\n<article class=\"portfolio_masonry_item portfolio_category_41 large_width_height\">\n    <div class='image_holder overlapping_title_hover'>\n        \n<span class='image'><img width=\"1000\" height=\"1000\" src=\"https:\/\/smartthehouse.com\/wp-content\/uploads\/2020\/09\/entorno-WEB-1000x1000.png\" class=\"attachment-portfolio_masonry_large size-portfolio_masonry_large wp-post-image\" alt=\"\" decoding=\"async\" loading=\"lazy\" srcset=\"https:\/\/smartthehouse.com\/wp-content\/uploads\/2020\/09\/entorno-WEB.png 1000w, https:\/\/smartthehouse.com\/wp-content\/uploads\/2020\/09\/entorno-WEB-300x300.png 300w, https:\/\/smartthehouse.com\/wp-content\/uploads\/2020\/09\/entorno-WEB-150x150.png 150w, https:\/\/smartthehouse.com\/wp-content\/uploads\/2020\/09\/entorno-WEB-768x768.png 768w, https:\/\/smartthehouse.com\/wp-content\/uploads\/2020\/09\/entorno-WEB-550x550.png 550w, https:\/\/smartthehouse.com\/wp-content\/uploads\/2020\/09\/entorno-WEB-500x500.png 500w, https:\/\/smartthehouse.com\/wp-content\/uploads\/2020\/09\/entorno-WEB-700x700.png 700w\" sizes=\"(max-width: 1000px) 100vw, 1000px\" \/><\/span>\n\n        <div class=\"text_holder\">\n\t<h4 class=\"portfolio_title\" style=\"font-size: 23px;\"> Entorno<\/h4><\/div>\n\n\n    <\/div>\n<\/article>\n<article class=\"portfolio_masonry_item portfolio_category_41 default\">\n    <div class='image_holder overlapping_title_hover'>\n        \n<span class='image'><img width=\"500\" height=\"500\" src=\"https:\/\/smartthehouse.com\/wp-content\/uploads\/2020\/09\/portfolio_peit_bcn2-500x500.jpg\" class=\"attachment-portfolio_masonry_regular size-portfolio_masonry_regular wp-post-image\" alt=\"\" decoding=\"async\" loading=\"lazy\" srcset=\"https:\/\/smartthehouse.com\/wp-content\/uploads\/2020\/09\/portfolio_peit_bcn2-500x500.jpg 500w, https:\/\/smartthehouse.com\/wp-content\/uploads\/2020\/09\/portfolio_peit_bcn2-300x300.jpg 300w, https:\/\/smartthehouse.com\/wp-content\/uploads\/2020\/09\/portfolio_peit_bcn2-150x150.jpg 150w, https:\/\/smartthehouse.com\/wp-content\/uploads\/2020\/09\/portfolio_peit_bcn2-550x550.jpg 550w, https:\/\/smartthehouse.com\/wp-content\/uploads\/2020\/09\/portfolio_peit_bcn2.jpg 600w\" sizes=\"(max-width: 500px) 100vw, 500px\" \/><\/span>\n\n        <div class=\"text_holder\">\n\t<h4 class=\"portfolio_title\" style=\"font-size: 23px;\"> Ubicaci\u00f3n \u00fanica<\/h4><\/div>\n\n\n    <\/div>\n<\/article>\n<article class=\"portfolio_masonry_item portfolio_category_41 default\">\n    <div class='image_holder overlapping_title_hover'>\n        \n<span class='image'><img width=\"500\" height=\"500\" src=\"https:\/\/smartthehouse.com\/wp-content\/uploads\/2020\/09\/portfolio_peit_bcn2-1-500x500.jpg\" class=\"attachment-portfolio_masonry_regular size-portfolio_masonry_regular wp-post-image\" alt=\"\" decoding=\"async\" loading=\"lazy\" srcset=\"https:\/\/smartthehouse.com\/wp-content\/uploads\/2020\/09\/portfolio_peit_bcn2-1-500x500.jpg 500w, https:\/\/smartthehouse.com\/wp-content\/uploads\/2020\/09\/portfolio_peit_bcn2-1-300x300.jpg 300w, https:\/\/smartthehouse.com\/wp-content\/uploads\/2020\/09\/portfolio_peit_bcn2-1-150x150.jpg 150w, https:\/\/smartthehouse.com\/wp-content\/uploads\/2020\/09\/portfolio_peit_bcn2-1-550x550.jpg 550w, https:\/\/smartthehouse.com\/wp-content\/uploads\/2020\/09\/portfolio_peit_bcn2-1.jpg 600w\" sizes=\"(max-width: 500px) 100vw, 500px\" \/><\/span>\n\n        <div class=\"text_holder\">\n\t<h4 class=\"portfolio_title\" style=\"font-size: 23px;\"> Distrito 22@<\/h4><\/div>\n\n\n    <\/div>\n<\/article>\n<\/div>\n[\/vc_column][\/vc_row][vc_row row_type=\u00bbrow\u00bb use_row_as_full_screen_section=\u00bbno\u00bb type=\u00bbfull_width\u00bb text_align=\u00bbleft\u00bb background_animation=\u00bbnone\u00bb css_animation=\u00bb\u00bb][vc_column][vc_empty_space height=\u00bb40px\u00bb][\/vc_column][\/vc_row]<\/p>","protected":false},"excerpt":{"rendered":"<p>[vc_row row_type=\u00bbrow\u00bb use_row_as_full_screen_section=\u00bbno\u00bb type=\u00bbfull_width\u00bb text_align=\u00bbleft\u00bb background_animation=\u00bbnone\u00bb css_animation=\u00bb\u00bb][vc_column offset=\u00bbvc_hidden-sm vc_hidden-xs\u00bb][\/vc_column][\/vc_row][vc_row row_type=\u00bbrow\u00bb use_row_as_full_screen_section=\u00bbno\u00bb type=\u00bbfull_width\u00bb text_align=\u00bbleft\u00bb background_animation=\u00bbnone\u00bb css_animation=\u00bb\u00bb][vc_column offset=\u00bbvc_hidden-lg vc_hidden-md\u00bb][\/vc_column][\/vc_row][vc_row row_type=\u00bbrow\u00bb use_row_as_full_screen_section=\u00bbno\u00bb type=\u00bbgrid\u00bb text_align=\u00bbleft\u00bb background_animation=\u00bbnone\u00bb css_animation=\u00bb\u00bb css=\u00bb.vc_custom_1685728584345{padding-top: 50px !important;padding-bottom: 6.5% !important;}\u00bb][vc_column width=\u00bb1\/3&#8243;][vc_column_text] Entorno &nbsp; Smart se sit\u00faa en el \u201cdistrito de la innovaci\u00f3n\u201d de Barcelona: el 22@, una&#8230;<\/p>\n","protected":false},"author":1,"featured_media":0,"parent":0,"menu_order":0,"comment_status":"closed","ping_status":"closed","template":"full_width.php","meta":{"inline_featured_image":false},"yoast_head":"<!-- This site is optimized with the Yoast SEO plugin v21.8.1 - https:\/\/yoast.com\/wordpress\/plugins\/seo\/ -->\n<title>Conexiones - Smart<\/title>\n<meta name=\"description\" content=\"El edificio inteligente smart se ubica en el 22@, el centro de la actividad empresarial y tecnol\u00f3gica de Barcelona.\" \/>\n<meta name=\"robots\" content=\"index, follow, max-snippet:-1, max-image-preview:large, max-video-preview:-1\" \/>\n<link rel=\"canonical\" href=\"https:\/\/smartthehouse.com\/es\/conexiones\" \/>\n<meta property=\"og:locale\" content=\"es_ES\" \/>\n<meta property=\"og:type\" content=\"article\" \/>\n<meta property=\"og:title\" content=\"Conexiones - Smart\" \/>\n<meta property=\"og:description\" content=\"El edificio inteligente smart se ubica en el 22@, el centro de la actividad empresarial y tecnol\u00f3gica de Barcelona.\" \/>\n<meta property=\"og:url\" content=\"https:\/\/smartthehouse.com\/es\/conexiones\" \/>\n<meta property=\"og:site_name\" content=\"Smart\" \/>\n<meta property=\"article:modified_time\" content=\"2023-10-16T18:03:57+00:00\" \/>\n<meta name=\"twitter:card\" content=\"summary_large_image\" \/>\n<meta name=\"twitter:label1\" content=\"Tiempo de lectura\" \/>\n\t<meta name=\"twitter:data1\" content=\"1 minuto\" \/>\n<!-- \/ Yoast SEO plugin. -->","yoast_head_json":{"title":"Conexiones - Smart","description":"El edificio inteligente smart se ubica en el 22@, el centro de la actividad empresarial y tecnol\u00f3gica de Barcelona.","robots":{"index":"index","follow":"follow","max-snippet":"max-snippet:-1","max-image-preview":"max-image-preview:large","max-video-preview":"max-video-preview:-1"},"canonical":"https:\/\/smartthehouse.com\/es\/conexiones","og_locale":"es_ES","og_type":"article","og_title":"Conexiones - Smart","og_description":"El edificio inteligente smart se ubica en el 22@, el centro de la actividad empresarial y tecnol\u00f3gica de Barcelona.","og_url":"https:\/\/smartthehouse.com\/es\/conexiones","og_site_name":"Smart","article_modified_time":"2023-10-16T18:03:57+00:00","twitter_card":"summary_large_image","twitter_misc":{"Tiempo de lectura":"1 minuto"},"schema":{"@context":"https:\/\/schema.org","@graph":[{"@type":"WebPage","@id":"https:\/\/smartthehouse.com\/es\/conexiones","url":"https:\/\/smartthehouse.com\/es\/conexiones","name":"Conexiones - Smart","isPartOf":{"@id":"https:\/\/smartthehouse.com\/es\/#website"},"datePublished":"2020-08-05T07:33:38+00:00","dateModified":"2023-10-16T18:03:57+00:00","description":"El edificio inteligente smart se ubica en el 22@, el centro de la actividad empresarial y tecnol\u00f3gica de Barcelona.","breadcrumb":{"@id":"https:\/\/smartthehouse.com\/es\/conexiones#breadcrumb"},"inLanguage":"es","potentialAction":[{"@type":"ReadAction","target":[["https:\/\/smartthehouse.com\/es\/conexiones"]]}]},{"@type":"BreadcrumbList","@id":"https:\/\/smartthehouse.com\/es\/conexiones#breadcrumb","itemListElement":[{"@type":"ListItem","position":1,"name":"Portada","item":"https:\/\/smartthehouse.com\/es\/"},{"@type":"ListItem","position":2,"name":"Conexiones"}]},{"@type":"WebSite","@id":"https:\/\/smartthehouse.com\/es\/#website","url":"https:\/\/smartthehouse.com\/es\/","name":"Smart","description":"Smart The talking house","publisher":{"@id":"https:\/\/smartthehouse.com\/es\/#organization"},"potentialAction":[{"@type":"SearchAction","target":{"@type":"EntryPoint","urlTemplate":"https:\/\/smartthehouse.com\/es\/?s={search_term_string}"},"query-input":"required name=search_term_string"}],"inLanguage":"es"},{"@type":"Organization","@id":"https:\/\/smartthehouse.com\/es\/#organization","name":"Smart the house","url":"https:\/\/smartthehouse.com\/es\/","logo":{"@type":"ImageObject","inLanguage":"es","@id":"https:\/\/smartthehouse.com\/es\/#\/schema\/logo\/image\/","url":"https:\/\/smartthehouse.com\/wp-content\/uploads\/2020\/08\/logonegro_web_smart.png","contentUrl":"https:\/\/smartthehouse.com\/wp-content\/uploads\/2020\/08\/logonegro_web_smart.png","width":200,"height":30,"caption":"Smart the house"},"image":{"@id":"https:\/\/smartthehouse.com\/es\/#\/schema\/logo\/image\/"}}]}},"_links":{"self":[{"href":"https:\/\/smartthehouse.com\/es\/wp-json\/wp\/v2\/pages\/699"}],"collection":[{"href":"https:\/\/smartthehouse.com\/es\/wp-json\/wp\/v2\/pages"}],"about":[{"href":"https:\/\/smartthehouse.com\/es\/wp-json\/wp\/v2\/types\/page"}],"author":[{"embeddable":true,"href":"https:\/\/smartthehouse.com\/es\/wp-json\/wp\/v2\/users\/1"}],"replies":[{"embeddable":true,"href":"https:\/\/smartthehouse.com\/es\/wp-json\/wp\/v2\/comments?post=699"}],"version-history":[{"count":84,"href":"https:\/\/smartthehouse.com\/es\/wp-json\/wp\/v2\/pages\/699\/revisions"}],"predecessor-version":[{"id":2255,"href":"https:\/\/smartthehouse.com\/es\/wp-json\/wp\/v2\/pages\/699\/revisions\/2255"}],"wp:attachment":[{"href":"https:\/\/smartthehouse.com\/es\/wp-json\/wp\/v2\/media?parent=699"}],"curies":[{"name":"wp","href":"https:\/\/api.w.org\/{rel}","templated":true}]}}